{"id":5,"date":"2025-04-17T17:38:09","date_gmt":"2025-04-17T15:38:09","guid":{"rendered":"https:\/\/armes-defense.com\/?page_id=5"},"modified":"2025-04-28T13:49:04","modified_gmt":"2025-04-28T11:49:04","slug":"armurerie-armes-et-defense","status":"publish","type":"page","link":"https:\/\/armes-defense.com\/","title":{"rendered":"ARMURERIE ARMES ET DEFENSE"},"content":{"rendered":"\t\t<div data-elementor-type=\"wp-page\" data-elementor-id=\"5\" class=\"elementor elementor-5\" data-elementor-post-type=\"page\">\n\t\t\t\t<div class=\"elementor-element elementor-element-694e384 e-flex e-con-boxed e-con e-parent\" data-id=\"694e384\" data-element_type=\"container\">\n\t\t\t\t\t<div class=\"e-con-inner\">\n\t\t\t\t<div class=\"elementor-element elementor-element-2cbd9ac elementor-widget elementor-widget-text-editor\" data-id=\"2cbd9ac\" data-element_type=\"widget\" data-widget_type=\"text-editor.default\">\n\t\t\t\t<div class=\"elementor-widget-container\">\n\t\t\t\t\t\t\t\t\t<p class=\"\" data-start=\"270\" data-end=\"547\"><strong data-start=\"270\" data-end=\"304\">Bienvenue chez Armes &amp; D\u00e9fense<\/strong>, votre armurerie sp\u00e9cialis\u00e9e en mat\u00e9riel de protection, de tir loisir et de d\u00e9fense personnelle \u00e0 <strong data-start=\"403\" data-end=\"412\">Paris<\/strong> et <strong data-start=\"416\" data-end=\"425\">Cergy<\/strong>. Nous proposons une large s\u00e9lection de produits de <strong data-start=\"477\" data-end=\"498\">cat\u00e9gories C et D<\/strong>, accessibles selon la r\u00e9glementation en vigueur.<\/p>\n<p class=\"\" data-start=\"549\" data-end=\"688\">Explorez notre univers d\u00e9di\u00e9 \u00e0 votre s\u00e9curit\u00e9, \u00e0 votre passion du tir et \u00e0 la qualit\u00e9 des \u00e9quipements que nous s\u00e9lectionnons avec exigence.<\/p>\t\t\t\t\t\t\t\t<\/div>\n\t\t\t\t<\/div>\n\t\t\t\t\t<\/div>\n\t\t\t\t<\/div>\n\t\t<div class=\"elementor-element elementor-element-3aaf357 e-flex e-con-boxed e-con e-parent\" data-id=\"3aaf357\" data-element_type=\"container\">\n\t\t\t\t\t<div class=\"e-con-inner\">\n\t\t<div class=\"elementor-element elementor-element-0607ef0 e-con-full e-flex e-con e-child\" data-id=\"0607ef0\" data-element_type=\"container\">\n\t\t\t\t<div class=\"elementor-element elementor-element-f96855d elementor-widget elementor-widget-google_maps\" data-id=\"f96855d\" data-element_type=\"widget\" data-widget_type=\"google_maps.default\">\n\t\t\t\t<div class=\"elementor-widget-container\">\n\t\t\t\t\t\t\t<div class=\"elementor-custom-embed\">\n\t\t\t<iframe loading=\"lazy\"\n\t\t\t\t\tsrc=\"https:\/\/maps.google.com\/maps?q=armes%20et%20defense%20paris&#038;t=m&#038;z=10&#038;output=embed&#038;iwloc=near\"\n\t\t\t\t\ttitle=\"armes et defense paris\"\n\t\t\t\t\taria-label=\"armes et defense paris\"\n\t\t\t><\/iframe>\n\t\t<\/div>\n\t\t\t\t\t\t<\/div>\n\t\t\t\t<\/div>\n\t\t\t\t<\/div>\n\t\t<div class=\"elementor-element elementor-element-96e4cd5 e-con-full e-flex e-con e-child\" data-id=\"96e4cd5\" data-element_type=\"container\">\n\t\t\t\t<div class=\"elementor-element elementor-element-13acc08 elementor-widget elementor-widget-google_maps\" data-id=\"13acc08\" data-element_type=\"widget\" data-widget_type=\"google_maps.default\">\n\t\t\t\t<div class=\"elementor-widget-container\">\n\t\t\t\t\t\t\t<div class=\"elementor-custom-embed\">\n\t\t\t<iframe loading=\"lazy\"\n\t\t\t\t\tsrc=\"https:\/\/maps.google.com\/maps?q=armes%20et%20defense%20cergy&#038;t=m&#038;z=10&#038;output=embed&#038;iwloc=near\"\n\t\t\t\t\ttitle=\"armes et defense cergy\"\n\t\t\t\t\taria-label=\"armes et defense cergy\"\n\t\t\t><\/iframe>\n\t\t<\/div>\n\t\t\t\t\t\t<\/div>\n\t\t\t\t<\/div>\n\t\t\t\t<\/div>\n\t\t\t\t\t<\/div>\n\t\t\t\t<\/div>\n\t\t<div class=\"elementor-element elementor-element-a0dc275 e-flex e-con-boxed e-con e-parent\" data-id=\"a0dc275\" data-element_type=\"container\">\n\t\t\t\t\t<div class=\"e-con-inner\">\n\t\t<div class=\"elementor-element elementor-element-b01ae07 e-con-full e-flex e-con e-child\" data-id=\"b01ae07\" data-element_type=\"container\">\n\t\t\t\t<div class=\"elementor-element elementor-element-0f7f6f8 elementor-widget elementor-widget-text-editor\" data-id=\"0f7f6f8\" data-element_type=\"widget\" data-widget_type=\"text-editor.default\">\n\t\t\t\t<div class=\"elementor-widget-container\">\n\t\t\t\t\t\t\t\t\t<h3 class=\"\" data-start=\"695\" data-end=\"745\">\ud83d\udd10 <strong data-start=\"702\" data-end=\"745\">Home Defense \u2013 S\u00e9curisez votre domicile<\/strong><\/h3>\n<p class=\"\" data-start=\"747\" data-end=\"852\">Prot\u00e9gez votre foyer avec des \u00e9quipements fiables et dissuasifs, accessibles sans autorisation pr\u00e9alable.<\/p>\n<h4 class=\"\" data-start=\"854\" data-end=\"881\">\ud83d\udd2b Gamme T4E de Umarex<\/h4>\n<p class=\"\" data-start=\"882\" data-end=\"1098\">Les armes de d\u00e9fense <strong data-start=\"903\" data-end=\"936\">T4E (Training for Engagement)<\/strong> utilisent des projectiles \u00e0 balle caoutchouc, craie ou poivre. R\u00e9alistes, puissantes et simples d\u2019utilisation, elles sont id\u00e9ales pour la <strong data-start=\"1075\" data-end=\"1097\">d\u00e9fense \u00e0 domicile<\/strong>.<\/p>\n<ul data-start=\"1099\" data-end=\"1174\">\n<li class=\"\" data-start=\"1099\" data-end=\"1124\">\n<p class=\"\" data-start=\"1101\" data-end=\"1124\">Revolvers HDR50 \/ HDR68<\/p>\n<\/li>\n<li class=\"\" data-start=\"1125\" data-end=\"1150\">\n<p class=\"\" data-start=\"1127\" data-end=\"1150\">Pistolets HDP50 \/ HDX68<\/p>\n<\/li>\n<li class=\"\" data-start=\"1151\" data-end=\"1174\">\n<p class=\"\" data-start=\"1153\" data-end=\"1174\">Munitions compatibles<\/p>\n<\/li>\n<\/ul>\n<blockquote data-start=\"1176\" data-end=\"1227\">\n<p class=\"\" data-start=\"1178\" data-end=\"1227\">\u26a0\ufe0f Vente libre \u00e0 personnes majeures (Cat\u00e9gorie D)<\/p>\n<\/blockquote>\t\t\t\t\t\t\t\t<\/div>\n\t\t\t\t<\/div>\n\t\t\t\t<\/div>\n\t\t<div class=\"elementor-element elementor-element-719288c e-con-full e-flex e-con e-child\" data-id=\"719288c\" data-element_type=\"container\">\n\t\t\t\t<div class=\"elementor-element elementor-element-e7fb706 elementor-widget elementor-widget-image\" data-id=\"e7fb706\" data-element_type=\"widget\" data-widget_type=\"image.default\">\n\t\t\t\t<div class=\"elementor-widget-container\">\n\t\t\t\t\t\t\t\t\t\t\t\t\t\t\t<img fetchpriority=\"high\" decoding=\"async\" width=\"800\" height=\"419\" src=\"https:\/\/armes-defense.com\/wp-content\/uploads\/2025\/04\/umarex-T4E-home-defense-1024x536.jpg\" class=\"attachment-large size-large wp-image-17\" alt=\"Gamme Homme defense T4E Umarex\" srcset=\"https:\/\/armes-defense.com\/wp-content\/uploads\/2025\/04\/umarex-T4E-home-defense-1024x536.jpg 1024w, https:\/\/armes-defense.com\/wp-content\/uploads\/2025\/04\/umarex-T4E-home-defense-300x157.jpg 300w, https:\/\/armes-defense.com\/wp-content\/uploads\/2025\/04\/umarex-T4E-home-defense-768x402.jpg 768w, https:\/\/armes-defense.com\/wp-content\/uploads\/2025\/04\/umarex-T4E-home-defense.jpg 1354w\" sizes=\"(max-width: 800px) 100vw, 800px\" \/>\t\t\t\t\t\t\t\t\t\t\t\t\t\t\t<\/div>\n\t\t\t\t<\/div>\n\t\t\t\t<\/div>\n\t\t\t\t\t<\/div>\n\t\t\t\t<\/div>\n\t\t<div class=\"elementor-element elementor-element-a1a522e e-flex e-con-boxed e-con e-parent\" data-id=\"a1a522e\" data-element_type=\"container\">\n\t\t\t\t\t<div class=\"e-con-inner\">\n\t\t<div class=\"elementor-element elementor-element-37ff073 e-con-full e-flex e-con e-child\" data-id=\"37ff073\" data-element_type=\"container\">\n\t\t\t\t<div class=\"elementor-element elementor-element-de63844 elementor-widget elementor-widget-image\" data-id=\"de63844\" data-element_type=\"widget\" data-widget_type=\"image.default\">\n\t\t\t\t<div class=\"elementor-widget-container\">\n\t\t\t\t\t\t\t\t\t\t\t\t\t\t\t<img decoding=\"async\" width=\"800\" height=\"669\" src=\"https:\/\/armes-defense.com\/wp-content\/uploads\/2025\/04\/bombe-lacrymogene.jpg\" class=\"attachment-large size-large wp-image-19\" alt=\"Bombes lacrymog\u00e8nes disponibles dans nos armureries\" srcset=\"https:\/\/armes-defense.com\/wp-content\/uploads\/2025\/04\/bombe-lacrymogene.jpg 800w, https:\/\/armes-defense.com\/wp-content\/uploads\/2025\/04\/bombe-lacrymogene-300x251.jpg 300w, https:\/\/armes-defense.com\/wp-content\/uploads\/2025\/04\/bombe-lacrymogene-768x642.jpg 768w\" sizes=\"(max-width: 800px) 100vw, 800px\" \/>\t\t\t\t\t\t\t\t\t\t\t\t\t\t\t<\/div>\n\t\t\t\t<\/div>\n\t\t\t\t<\/div>\n\t\t<div class=\"elementor-element elementor-element-25a4cb6 e-con-full e-flex e-con e-child\" data-id=\"25a4cb6\" data-element_type=\"container\">\n\t\t\t\t<div class=\"elementor-element elementor-element-e369d51 elementor-widget elementor-widget-text-editor\" data-id=\"e369d51\" data-element_type=\"widget\" data-widget_type=\"text-editor.default\">\n\t\t\t\t<div class=\"elementor-widget-container\">\n\t\t\t\t\t\t\t\t\t<h3 class=\"\" data-start=\"1234\" data-end=\"1264\">\ud83e\uddf4 <strong data-start=\"1241\" data-end=\"1264\">Bombes lacrymog\u00e8nes<\/strong><\/h3>\n<p class=\"\" data-start=\"1265\" data-end=\"1395\">Un classique de la <strong data-start=\"1284\" data-end=\"1307\">d\u00e9fense personnelle<\/strong> : faciles \u00e0 transporter, \u00e0 d\u00e9clencher, et tr\u00e8s efficaces pour neutraliser un agresseur.<\/p>\n<ul data-start=\"1397\" data-end=\"1506\">\n<li class=\"\" data-start=\"1397\" data-end=\"1429\">\n<p class=\"\" data-start=\"1399\" data-end=\"1429\">Formats 25 ml, 50 ml et 100 ml<\/p>\n<\/li>\n<li class=\"\" data-start=\"1430\" data-end=\"1453\">\n<p class=\"\" data-start=\"1432\" data-end=\"1453\">Gel poivre, CS ou mix<\/p>\n<\/li>\n<li class=\"\" data-start=\"1454\" data-end=\"1506\">\n<p class=\"\" data-start=\"1456\" data-end=\"1506\">Mod\u00e8les porte-cl\u00e9s ou auto-d\u00e9fense professionnelle<\/p>\n<\/li>\n<\/ul>\n<blockquote data-start=\"1508\" data-end=\"1545\">\n<p class=\"\" data-start=\"1510\" data-end=\"1545\">\u26a0\ufe0f Vente libre \u00e0 personnes majeures<\/p>\n<\/blockquote>\t\t\t\t\t\t\t\t<\/div>\n\t\t\t\t<\/div>\n\t\t\t\t<\/div>\n\t\t\t\t\t<\/div>\n\t\t\t\t<\/div>\n\t\t<div class=\"elementor-element elementor-element-7b8db8d e-flex e-con-boxed e-con e-parent\" data-id=\"7b8db8d\" data-element_type=\"container\">\n\t\t\t\t\t<div class=\"e-con-inner\">\n\t\t<div class=\"elementor-element elementor-element-51ec1c1 e-con-full e-flex e-con e-child\" data-id=\"51ec1c1\" data-element_type=\"container\">\n\t\t\t\t<div class=\"elementor-element elementor-element-aeff00a elementor-widget elementor-widget-text-editor\" data-id=\"aeff00a\" data-element_type=\"widget\" data-widget_type=\"text-editor.default\">\n\t\t\t\t<div class=\"elementor-widget-container\">\n\t\t\t\t\t\t\t\t\t<h3 class=\"\" data-start=\"1552\" data-end=\"1577\">\u26a1 <strong data-start=\"1558\" data-end=\"1577\">Shockers \u00e0 main<\/strong><\/h3>\n<p class=\"\" data-start=\"1578\" data-end=\"1695\">Compact, silencieux et tr\u00e8s dissuasif, le <strong data-start=\"1620\" data-end=\"1642\">shocker \u00e9lectrique<\/strong> immobilise sans s\u00e9quelles. Id\u00e9al en cas d&#8217;agression.<\/p>\n<ul data-start=\"1697\" data-end=\"1786\">\n<li class=\"\" data-start=\"1697\" data-end=\"1734\">\n<p class=\"\" data-start=\"1699\" data-end=\"1734\">Mod\u00e8les compacts ou lampes-shockers<\/p>\n<\/li>\n<li class=\"\" data-start=\"1735\" data-end=\"1758\">\n<p class=\"\" data-start=\"1737\" data-end=\"1758\">Rechargeables via USB<\/p>\n<\/li>\n<li class=\"\" data-start=\"1759\" data-end=\"1786\">\n<p class=\"\" data-start=\"1761\" data-end=\"1786\">\u00c9tuis de transport inclus<\/p>\n<\/li>\n<\/ul>\n<blockquote data-start=\"1788\" data-end=\"1835\">\n<p class=\"\" data-start=\"1790\" data-end=\"1835\">\u26a0\ufe0f Cat\u00e9gorie D \u2013 Vente aux majeurs uniquement<\/p>\n<\/blockquote>\t\t\t\t\t\t\t\t<\/div>\n\t\t\t\t<\/div>\n\t\t\t\t<\/div>\n\t\t<div class=\"elementor-element elementor-element-8ee9f54 e-con-full e-flex e-con e-child\" data-id=\"8ee9f54\" data-element_type=\"container\">\n\t\t\t\t<div class=\"elementor-element elementor-element-c66a3dd elementor-widget elementor-widget-image\" data-id=\"c66a3dd\" data-element_type=\"widget\" data-widget_type=\"image.default\">\n\t\t\t\t<div class=\"elementor-widget-container\">\n\t\t\t\t\t\t\t\t\t\t\t\t\t\t\t<img decoding=\"async\" width=\"800\" height=\"599\" src=\"https:\/\/armes-defense.com\/wp-content\/uploads\/2025\/04\/shocker-a-main-1024x767.jpg\" class=\"attachment-large size-large wp-image-20\" alt=\"\" srcset=\"https:\/\/armes-defense.com\/wp-content\/uploads\/2025\/04\/shocker-a-main-1024x767.jpg 1024w, https:\/\/armes-defense.com\/wp-content\/uploads\/2025\/04\/shocker-a-main-300x225.jpg 300w, https:\/\/armes-defense.com\/wp-content\/uploads\/2025\/04\/shocker-a-main-768x575.jpg 768w, https:\/\/armes-defense.com\/wp-content\/uploads\/2025\/04\/shocker-a-main.jpg 1428w\" sizes=\"(max-width: 800px) 100vw, 800px\" \/>\t\t\t\t\t\t\t\t\t\t\t\t\t\t\t<\/div>\n\t\t\t\t<\/div>\n\t\t\t\t<\/div>\n\t\t\t\t\t<\/div>\n\t\t\t\t<\/div>\n\t\t<div class=\"elementor-element elementor-element-0c0541a e-flex e-con-boxed e-con e-parent\" data-id=\"0c0541a\" data-element_type=\"container\">\n\t\t\t\t\t<div class=\"e-con-inner\">\n\t\t<div class=\"elementor-element elementor-element-e0d138c e-con-full e-flex e-con e-child\" data-id=\"e0d138c\" data-element_type=\"container\">\n\t\t\t\t<div class=\"elementor-element elementor-element-93dbf32 elementor-widget elementor-widget-image\" data-id=\"93dbf32\" data-element_type=\"widget\" data-widget_type=\"image.default\">\n\t\t\t\t<div class=\"elementor-widget-container\">\n\t\t\t\t\t\t\t\t\t\t\t\t\t\t\t<img loading=\"lazy\" decoding=\"async\" width=\"800\" height=\"523\" src=\"https:\/\/armes-defense.com\/wp-content\/uploads\/2025\/04\/pistolets-a-blanc.jpg\" class=\"attachment-large size-large wp-image-21\" alt=\"Pistolets et revolver d&#039;alarme\" srcset=\"https:\/\/armes-defense.com\/wp-content\/uploads\/2025\/04\/pistolets-a-blanc.jpg 800w, https:\/\/armes-defense.com\/wp-content\/uploads\/2025\/04\/pistolets-a-blanc-300x196.jpg 300w, https:\/\/armes-defense.com\/wp-content\/uploads\/2025\/04\/pistolets-a-blanc-768x502.jpg 768w\" sizes=\"(max-width: 800px) 100vw, 800px\" \/>\t\t\t\t\t\t\t\t\t\t\t\t\t\t\t<\/div>\n\t\t\t\t<\/div>\n\t\t\t\t<\/div>\n\t\t<div class=\"elementor-element elementor-element-f676ee3 e-con-full e-flex e-con e-child\" data-id=\"f676ee3\" data-element_type=\"container\">\n\t\t\t\t<div class=\"elementor-element elementor-element-32cf4af elementor-widget elementor-widget-text-editor\" data-id=\"32cf4af\" data-element_type=\"widget\" data-widget_type=\"text-editor.default\">\n\t\t\t\t<div class=\"elementor-widget-container\">\n\t\t\t\t\t\t\t\t\t<p>\ud83d\udca5 <strong data-start=\"1849\" data-end=\"1870\">Pistolets \u00e0 blanc<\/strong><\/p>\n<p class=\"\" data-start=\"1871\" data-end=\"2015\">Pour <strong data-start=\"1876\" data-end=\"1919\">s\u2019entra\u00eener, dissuader ou tirer \u00e0 blanc<\/strong>, ces r\u00e9pliques r\u00e9alistes sont aussi compatibles avec certaines munitions lacrymog\u00e8nes ou \u00e0 gaz.<\/p>\n<ul data-start=\"2017\" data-end=\"2137\">\n<li class=\"\" data-start=\"2017\" data-end=\"2059\">\n<p class=\"\" data-start=\"2019\" data-end=\"2059\">Pistolets semi-automatiques ou revolvers<\/p>\n<\/li>\n<li class=\"\" data-start=\"2060\" data-end=\"2087\">\n<p class=\"\" data-start=\"2062\" data-end=\"2087\">Calibres 9 mm PAK ou .380<\/p>\n<\/li>\n<li class=\"\" data-start=\"2088\" data-end=\"2137\">\n<p class=\"\" data-start=\"2090\" data-end=\"2137\">Avec ou sans adaptateur pour munitions d\u2019alerte<\/p>\n<\/li>\n<\/ul>\n<blockquote data-start=\"2139\" data-end=\"2175\">\n<p class=\"\" data-start=\"2141\" data-end=\"2175\">\u26a0\ufe0f Cat\u00e9gorie C3 \u2013 Vente aux majeurs avec compte SIA<\/p>\n<\/blockquote>\t\t\t\t\t\t\t\t<\/div>\n\t\t\t\t<\/div>\n\t\t\t\t<\/div>\n\t\t\t\t\t<\/div>\n\t\t\t\t<\/div>\n\t\t<div class=\"elementor-element elementor-element-abaecdc e-flex e-con-boxed e-con e-parent\" data-id=\"abaecdc\" data-element_type=\"container\">\n\t\t\t\t\t<div class=\"e-con-inner\">\n\t\t<div class=\"elementor-element elementor-element-5113851 e-con-full e-flex e-con e-child\" data-id=\"5113851\" data-element_type=\"container\">\n\t\t\t\t<div class=\"elementor-element elementor-element-83c0e80 elementor-widget elementor-widget-text-editor\" data-id=\"83c0e80\" data-element_type=\"widget\" data-widget_type=\"text-editor.default\">\n\t\t\t\t<div class=\"elementor-widget-container\">\n\t\t\t\t\t\t\t\t\t<h3 class=\"\" data-start=\"2434\" data-end=\"2482\">\ud83c\udfaf <strong data-start=\"2441\" data-end=\"2482\">Carabines \u00e0 plombs 4,5 mm (20 joules)<\/strong><\/h3>\n<p class=\"\" data-start=\"2483\" data-end=\"2659\">Le tir de pr\u00e9cision en toute l\u00e9galit\u00e9 : puissantes mais accessibles sans licence, ces carabines sont id\u00e9ales pour l\u2019<strong data-start=\"2599\" data-end=\"2620\">initiation au tir<\/strong> ou le <strong data-start=\"2627\" data-end=\"2658\">tir loisir en terrain priv\u00e9<\/strong>.<\/p>\n<ul data-start=\"2661\" data-end=\"2774\">\n<li class=\"\" data-start=\"2661\" data-end=\"2706\">\n<p class=\"\" data-start=\"2663\" data-end=\"2706\">Mod\u00e8les \u00e0 canon basculant ou \u00e0 air comprim\u00e9<\/p>\n<\/li>\n<li class=\"\" data-start=\"2707\" data-end=\"2732\">\n<p class=\"\" data-start=\"2709\" data-end=\"2732\">Lunette de tir possible<\/p>\n<\/li>\n<li class=\"\" data-start=\"2733\" data-end=\"2774\">\n<p class=\"\" data-start=\"2735\" data-end=\"2774\">Jusqu\u2019\u00e0 20 joules (cat. D, vente libre)<\/p>\n<\/li>\n<\/ul>\t\t\t\t\t\t\t\t<\/div>\n\t\t\t\t<\/div>\n\t\t\t\t<\/div>\n\t\t<div class=\"elementor-element elementor-element-93609ad e-con-full e-flex e-con e-child\" data-id=\"93609ad\" data-element_type=\"container\">\n\t\t\t\t<div class=\"elementor-element elementor-element-33de207 elementor-widget elementor-widget-image\" data-id=\"33de207\" data-element_type=\"widget\" data-widget_type=\"image.default\">\n\t\t\t\t<div class=\"elementor-widget-container\">\n\t\t\t\t\t\t\t\t\t\t\t\t\t\t\t<img loading=\"lazy\" decoding=\"async\" width=\"800\" height=\"456\" src=\"https:\/\/armes-defense.com\/wp-content\/uploads\/2025\/04\/carabine-20-joules.jpg\" class=\"attachment-large size-large wp-image-22\" alt=\"Large choix de carabines 20 joules en vente libre\" srcset=\"https:\/\/armes-defense.com\/wp-content\/uploads\/2025\/04\/carabine-20-joules.jpg 800w, https:\/\/armes-defense.com\/wp-content\/uploads\/2025\/04\/carabine-20-joules-300x171.jpg 300w, https:\/\/armes-defense.com\/wp-content\/uploads\/2025\/04\/carabine-20-joules-768x438.jpg 768w\" sizes=\"(max-width: 800px) 100vw, 800px\" \/>\t\t\t\t\t\t\t\t\t\t\t\t\t\t\t<\/div>\n\t\t\t\t<\/div>\n\t\t\t\t<\/div>\n\t\t\t\t\t<\/div>\n\t\t\t\t<\/div>\n\t\t<div class=\"elementor-element elementor-element-382d628 e-flex e-con-boxed e-con e-parent\" data-id=\"382d628\" data-element_type=\"container\">\n\t\t\t\t\t<div class=\"e-con-inner\">\n\t\t<div class=\"elementor-element elementor-element-8b2b56c e-con-full e-flex e-con e-child\" data-id=\"8b2b56c\" data-element_type=\"container\">\n\t\t\t\t<div class=\"elementor-element elementor-element-a193f52 elementor-widget elementor-widget-image\" data-id=\"a193f52\" data-element_type=\"widget\" data-widget_type=\"image.default\">\n\t\t\t\t<div class=\"elementor-widget-container\">\n\t\t\t\t\t\t\t\t\t\t\t\t\t\t\t<img loading=\"lazy\" decoding=\"async\" width=\"800\" height=\"445\" src=\"https:\/\/armes-defense.com\/wp-content\/uploads\/2025\/04\/coutellerie.jpg\" class=\"attachment-large size-large wp-image-23\" alt=\"\" srcset=\"https:\/\/armes-defense.com\/wp-content\/uploads\/2025\/04\/coutellerie.jpg 800w, https:\/\/armes-defense.com\/wp-content\/uploads\/2025\/04\/coutellerie-300x167.jpg 300w, https:\/\/armes-defense.com\/wp-content\/uploads\/2025\/04\/coutellerie-768x427.jpg 768w\" sizes=\"(max-width: 800px) 100vw, 800px\" \/>\t\t\t\t\t\t\t\t\t\t\t\t\t\t\t<\/div>\n\t\t\t\t<\/div>\n\t\t\t\t<\/div>\n\t\t<div class=\"elementor-element elementor-element-f366368 e-con-full e-flex e-con e-child\" data-id=\"f366368\" data-element_type=\"container\">\n\t\t\t\t<div class=\"elementor-element elementor-element-a3bc085 elementor-widget elementor-widget-text-editor\" data-id=\"a3bc085\" data-element_type=\"widget\" data-widget_type=\"text-editor.default\">\n\t\t\t\t<div class=\"elementor-widget-container\">\n\t\t\t\t\t\t\t\t\t<h3 class=\"\" data-start=\"3117\" data-end=\"3139\">\ud83d\udd2a <strong data-start=\"3124\" data-end=\"3139\">Coutellerie<\/strong><\/h3>\n<p class=\"\" data-start=\"3140\" data-end=\"3241\">Une large gamme de couteaux s\u00e9lectionn\u00e9s pour leur <strong data-start=\"3191\" data-end=\"3240\">utilit\u00e9, robustesse et qualit\u00e9 de fabrication<\/strong>.<\/p>\n<ul data-start=\"3243\" data-end=\"3363\">\n<li class=\"\" data-start=\"3243\" data-end=\"3283\">\n<p class=\"\" data-start=\"3245\" data-end=\"3283\">Couteaux pliants, de chasse, tactiques<\/p>\n<\/li>\n<li class=\"\" data-start=\"3284\" data-end=\"3315\">\n<p class=\"\" data-start=\"3286\" data-end=\"3315\">Machettes, dagues, multitools<\/p>\n<\/li>\n<li class=\"\" data-start=\"3316\" data-end=\"3363\">\n<p class=\"\" data-start=\"3318\" data-end=\"3363\">Marques : Cold Steel, Opinel, Walther, B\u00f6ker\u2026<\/p>\n<\/li>\n<\/ul>\n<blockquote data-start=\"3365\" data-end=\"3410\">\n<p class=\"\" data-start=\"3367\" data-end=\"3410\">\u26a0\ufe0f Certains mod\u00e8les soumis \u00e0 r\u00e9glementation<\/p>\n<\/blockquote>\t\t\t\t\t\t\t\t<\/div>\n\t\t\t\t<\/div>\n\t\t\t\t<\/div>\n\t\t\t\t\t<\/div>\n\t\t\t\t<\/div>\n\t\t\t\t<\/div>\n\t\t","protected":false},"excerpt":{"rendered":"<p>Bienvenue chez Armes &amp; D\u00e9fense, votre armurerie sp\u00e9cialis\u00e9e en mat\u00e9riel de protection, de tir loisir et de d\u00e9fense personnelle \u00e0 Paris et Cergy. Nous proposons une large s\u00e9lection de produits de cat\u00e9gories C et D, accessibles selon la r\u00e9glementation en vigueur. Explorez notre univers d\u00e9di\u00e9 \u00e0 votre s\u00e9curit\u00e9, \u00e0 votre passion du tir et \u00e0 [&hellip;]<\/p>\n","protected":false},"author":1,"featured_media":0,"parent":0,"menu_order":0,"comment_status":"closed","ping_status":"closed","template":"","meta":{"footnotes":""},"class_list":["post-5","page","type-page","status-publish","hentry"],"_links":{"self":[{"href":"https:\/\/armes-defense.com\/index.php\/wp-json\/wp\/v2\/pages\/5","targetHints":{"allow":["GET"]}}],"collection":[{"href":"https:\/\/armes-defense.com\/index.php\/wp-json\/wp\/v2\/pages"}],"about":[{"href":"https:\/\/armes-defense.com\/index.php\/wp-json\/wp\/v2\/types\/page"}],"author":[{"embeddable":true,"href":"https:\/\/armes-defense.com\/index.php\/wp-json\/wp\/v2\/users\/1"}],"replies":[{"embeddable":true,"href":"https:\/\/armes-defense.com\/index.php\/wp-json\/wp\/v2\/comments?post=5"}],"version-history":[{"count":13,"href":"https:\/\/armes-defense.com\/index.php\/wp-json\/wp\/v2\/pages\/5\/revisions"}],"predecessor-version":[{"id":41,"href":"https:\/\/armes-defense.com\/index.php\/wp-json\/wp\/v2\/pages\/5\/revisions\/41"}],"wp:attachment":[{"href":"https:\/\/armes-defense.com\/index.php\/wp-json\/wp\/v2\/media?parent=5"}],"curies":[{"name":"wp","href":"https:\/\/api.w.org\/{rel}","templated":true}]}}